{"id":27746,"date":"2021-04-07T14:12:20","date_gmt":"2021-04-07T14:12:20","guid":{"rendered":"https:\/\/selectusconsultants.com\/politique-de-confidentialite\/"},"modified":"2021-04-13T19:12:15","modified_gmt":"2021-04-13T19:12:15","slug":"politique-de-confidentialite","status":"publish","type":"page","link":"https:\/\/selectusconsultants.com\/fr\/politique-de-confidentialite\/","title":{"rendered":"Politique de confidentialit\u00e9"},"content":{"rendered":"\t\t<div data-elementor-type=\"wp-page\" data-elementor-id=\"27746\" class=\"elementor elementor-27746 elementor-3\" data-elementor-post-type=\"page\">\n\t\t\t\t\t\t<section class=\"elementor-section elementor-top-section elementor-element elementor-element-28b43c7a elementor-section-content-middle elementor-section-boxed elementor-section-height-default elementor-section-height-default\" data-id=\"28b43c7a\" data-element_type=\"section\" data-e-type=\"section\" data-settings=\"{&quot;background_background&quot;:&quot;classic&quot;}\">\n\t\t\t\t\t\t\t<div class=\"elementor-background-overlay\"><\/div>\n\t\t\t\t\t\t\t<div class=\"elementor-container elementor-column-gap-no\">\n\t\t\t\t\t<div class=\"elementor-column elementor-col-100 elementor-top-column elementor-element elementor-element-29eaed98\" data-id=\"29eaed98\" data-element_type=\"column\" data-e-type=\"column\">\n\t\t\t<div class=\"elementor-widget-wrap elementor-element-populated\">\n\t\t\t\t\t\t<section class=\"elementor-section elementor-inner-section elementor-element elementor-element-ccc299c elementor-section-boxed elementor-section-height-default elementor-section-height-default\" data-id=\"ccc299c\" data-element_type=\"section\" data-e-type=\"section\">\n\t\t\t\t\t\t<div class=\"elementor-container elementor-column-gap-extended\">\n\t\t\t\t\t<div class=\"elementor-column elementor-col-100 elementor-inner-column elementor-element elementor-element-55269e9f\" data-id=\"55269e9f\" data-element_type=\"column\" data-e-type=\"column\">\n\t\t\t<div class=\"elementor-widget-wrap elementor-element-populated\">\n\t\t\t\t\t\t<div class=\"elementor-element elementor-element-48b41be1 animated-slow elementor-invisible elementor-widget elementor-widget-heading\" data-id=\"48b41be1\" data-element_type=\"widget\" data-e-type=\"widget\" data-settings=\"{&quot;_animation&quot;:&quot;fadeIn&quot;,&quot;_animation_delay&quot;:600}\" data-widget_type=\"heading.default\">\n\t\t\t\t<div class=\"elementor-widget-container\">\n\t\t\t\t\t<h1 class=\"elementor-heading-title elementor-size-default\">Politique de confidentialit\u00e9<\/h1>\t\t\t\t<\/div>\n\t\t\t\t<\/div>\n\t\t\t\t<div class=\"elementor-element elementor-element-6c92c9e7 elementor-widget elementor-widget-spacer\" data-id=\"6c92c9e7\" data-element_type=\"widget\" data-e-type=\"widget\" data-widget_type=\"spacer.default\">\n\t\t\t\t<div class=\"elementor-widget-container\">\n\t\t\t\t\t\t\t<div class=\"elementor-spacer\">\n\t\t\t<div class=\"elementor-spacer-inner\"><\/div>\n\t\t<\/div>\n\t\t\t\t\t\t<\/div>\n\t\t\t\t<\/div>\n\t\t\t\t<div class=\"elementor-element elementor-element-1d7742d5 elementor-widget elementor-widget-text-editor\" data-id=\"1d7742d5\" data-element_type=\"widget\" data-e-type=\"widget\" data-widget_type=\"text-editor.default\">\n\t\t\t\t<div class=\"elementor-widget-container\">\n\t\t\t\t\t\t\t\t\t<p>POLITIQUE DE PROTECTION DES DONNEES PERSONNELLES<br \/>\n1. G\u00e9n\u00e9ralit\u00e9s<br \/>\nSELECTUS est une soci\u00e9t\u00e9 par actions simplifi\u00e9e, immatricul\u00e9e au RCS de Paris sous le no. RCS 898 039 268 et dont le si\u00e8ge social est situ\u00e9 au 10 Square d\u2019Anvers 75009.<br \/>\nLa confidentialit\u00e9 de vos donn\u00e9es personnelles est importante pour SELECTUS. Nous vous pr\u00e9sentons dans ce document notre politique relative \u00e0 l&rsquo;information, au recueil, au traitement de vos donn\u00e9es personnelles et les modalit\u00e9s d\u2019acc\u00e8s, de modification, de suppression et de portabilit\u00e9 de vos donn\u00e9es.<br \/>\nLa Politique de protection des donn\u00e9es personnelles pr\u00e9cise la mani\u00e8re dont vos donn\u00e9es \u00e0 caract\u00e8re personnel sont trait\u00e9es par SELECTUS dans le cadre de l\u2019utilisation du pr\u00e9sent site internet. Elle peut \u00eatre mise \u00e0 jour \u00e0 tout moment. Toute personne physique se connectant ou utilisant notre site internet reconna\u00eet avoir pris pleinement connaissance de la pr\u00e9sente Politique de protection des donn\u00e9es au moment de sa connexion.<br \/>\n2. Nature et modalit\u00e9 de la collecte de donn\u00e9es<br \/>\nD&rsquo;une fa\u00e7on g\u00e9n\u00e9rale, vous pouvez visiter le site de SELECTUS sans vous identifier, ni r\u00e9v\u00e9ler des informations personnelles. Toutefois, certaines circonstances peuvent amener SELECTUS \u00e0 vous demander des renseignements (sur ce site internet ou en dehors).<br \/>\nSELECTUS s\u2019engage \u00e0 ce que ces informations :<br \/>\n&#8211; Soient obtenues et trait\u00e9es loyalement et licitement ;<br \/>\n&#8211; Soient enregistr\u00e9es pour des finalit\u00e9s d\u00e9termin\u00e9es et l\u00e9gitimes ;<br \/>\n&#8211; Soient employ\u00e9es conform\u00e9ment \u00e0 ces finalit\u00e9s ;<br \/>\n&#8211; Soient ad\u00e9quates, pertinentes et non excessives par rapport \u00e0 ces finalit\u00e9s ;<br \/>\n&#8211; Fassent l\u2019objet de pr\u00e9cautions de nature \u00e0 en assurer la s\u00e9curit\u00e9 et la confidentialit\u00e9 Les informations personnelles telles que vos civilit\u00e9, nom, pr\u00e9nom, num\u00e9ro de t\u00e9l\u00e9phone, adresse e-mail, adresse postale, photographie d\u2019identit\u00e9, num\u00e9ro d\u2019identification national unique, donn\u00e9es de sant\u00e9, etc. ne sont retenues que lorsque vous nous les soumettez volontairement (directement ou par le biais d\u2019un interm\u00e9diaire) ou dans le cadre d\u2019une relation contractuelle (pass\u00e9e, en cours, ou \u00e0 venir). Nous recueillons ces informations de plusieurs fa\u00e7ons, notamment :<br \/>\n&#8211; via des formulaires \u00e0 compl\u00e9ter en ligne ou en agence (dossier de candidature)<br \/>\n&#8211; dans le cadre d\u2019une prestation de recrutement ou de mise \u00e0 disposition (informations client : fiche d\u2019ouverture de compte client, etc.)<br \/>\n&#8211; dans le cadre d\u2019un processus de recrutement (interne ou externe : informations candidat dans le cadre de la consultation d\u2019un CV re\u00e7u, ou transmises directement aux fins d\u2019organisation d\u2019entretiens ou d\u2019embauche, etc.)<br \/>\n&#8211; dans le cadre d&rsquo;une demande de prise de contact ou d&rsquo;information sur nos prestations et services (formulaire de contact en ligne, prise de contact t\u00e9l\u00e9phonique, etc.)<br \/>\n&#8211; afin de vous fournir des renseignements pertinents et de qualit\u00e9, nous pouvons \u00e9galement vous demander de nous fournir des informations sur votre secteur d\u2019activit\u00e9, votre fonction, le nom de votre entreprise et sur l&rsquo;utilisation de nos prestations ou services<br \/>\n&#8211; par des moyens automatis\u00e9s tels que les protocoles de communication, les communications par courrier \u00e9lectronique, les cookies, etc.<br \/>\n&#8211; via l&rsquo;utilisation d&rsquo;un service de r\u00e9seau social et les sites communautaires affili\u00e9s \u00e0 SELECTUS (page entreprise LinkedIn, Facebook, Twitter, etc.)<br \/>\n3. Finalit\u00e9 de la collecte des donn\u00e9es<br \/>\nLes informations communiqu\u00e9es par l\u2019utilisateur par le biais des formulaires disponibles sur le site sont uniquement destin\u00e9es et accessibles aux personnels habilit\u00e9s, \u00e0 des fins de gestion administrative et commerciale \u2013 notamment pour :<br \/>\n&#8211; assurer l\u2019ex\u00e9cution des prestations de recrutement et d\u2019int\u00e9rim (organisation des entretiens, communication des candidatures)<br \/>\n&#8211; assurer l\u2019accompagnement des candidats dans le cadre de processus de recrutement<br \/>\n&#8211; assurer la gestion des salari\u00e9s dans le cadre des contrats d\u2019int\u00e9rim<br \/>\n&#8211; pouvoir r\u00e9pondre aux questions des utilisateurs du site internet ou \u00e0 leurs demandes, et aux candidatures spontan\u00e9es ou adress\u00e9es en r\u00e9ponse \u00e0 des offres d\u2019emploi<br \/>\n&#8211; adresser des publications li\u00e9es aux offres d\u2019emploi en cours ou \u00e0 l\u2019actualit\u00e9 de SELECTUS et en personnalisant le contenu de celles-ci<br \/>\n&#8211; r\u00e9pondre aux demandes des utilisateurs, notamment afin d\u2019am\u00e9liorer et personnaliser leur exp\u00e9rience et assurer le bon fonctionnement du site internet<br \/>\n4. Destinataires de la collecte des donn\u00e9es<br \/>\nLes donn\u00e9es personnelles collect\u00e9es au moyen des formulaires de contact sont destin\u00e9es aux personnes en charge du traitement de l\u2019information au sein de SELECTUS.<br \/>\nLes donn\u00e9es personnelles collect\u00e9es dans le cadre de r\u00e9ponses faites aux offres d\u2019emploi publi\u00e9es sur le site internet et aux candidatures spontan\u00e9es sont destin\u00e9s aux personnes en charge du recrutement au sein de SELECTUS.<br \/>\nLes donn\u00e9es personnelles collect\u00e9es par SELECTUS sur le site internet sont \u00e0 usage purement interne et ne font l\u2019objet d\u2019aucune communication, cession ou divulgation \u00e0 des tiers, sans l\u2019autorisation expresse et \u00e9crite de l\u2019utilisateur concern\u00e9, sauf contraintes l\u00e9gales ou judiciaires.<br \/>\nLes utilisateurs du site internet accordent cependant \u00e0 SELECTUS le droit de partager toutes les informations collect\u00e9es avec ses clients, fournisseurs, sous-traitants, et filiales si n\u00e9cessaire pour la r\u00e9alisation des traitements mentionn\u00e9s ci-dessus. SELECTUS s&rsquo;engage \u00e0 ne pas vendre, louer ou c\u00e9der \u00e0 des tiers vos informations personnelles.<br \/>\n5. Dur\u00e9e de conservation des informations personnelles<br \/>\nVos donn\u00e9es personnelles et\/ou informations relatives \u00e0 la navigation de l\u2019utilisateur du site internet ne seront pas conserv\u00e9es au-del\u00e0 de la dur\u00e9e n\u00e9cessaire aux finalit\u00e9s du traitement concern\u00e9. Pour ce qui concerne les donn\u00e9es de recrutement, la dur\u00e9e est de deux ans apr\u00e8s le dernier contact avec le candidat. Les donn\u00e9es de navigation seront conserv\u00e9es 6 mois maximum en application des pr\u00e9conisations de la CNIL.<br \/>\n6. Droit d\u2019acc\u00e8s, de rectification et de suppression<br \/>\nConform\u00e9ment \u00e0 la loi, de sa propre initiative ou \u00e0 la demande de l\u2019utilisateur concern\u00e9, SELECTUS peut compl\u00e9ter, modifier ou supprimer des donn\u00e9es personnelles incompl\u00e8tes, inexactes ou p\u00e9rim\u00e9es, conserv\u00e9es et relatives au fonctionnement du site internet.<br \/>\nLes utilisateurs du site internet sont inform\u00e9s qu\u2019ils disposent d\u2019un droit d\u2019acc\u00e8s aux informations personnelles les concernant ; d\u2019un droit de modification, de rectification et de suppression desdites informations ; ainsi que d\u2019un droit \u00e0 la portabilit\u00e9 des donn\u00e9es \u00e0 caract\u00e8re personnel, conform\u00e9ment \u00e0 la r\u00e8glementation en vigueur. Ils disposent \u00e9galement d\u2019un droit d\u2019opposition au traitement de ses donn\u00e9es \u00e0 caract\u00e8re personnel pour des motifs l\u00e9gitimes, ainsi que d\u2019un droit d\u2019opposition \u00e0 ce que ces donn\u00e9es soient utilis\u00e9es \u00e0 des fins de prospection commerciale.<br \/>\nCes droits peuvent \u00eatre exerc\u00e9s sur simple demande \u00e9crite, imp\u00e9rativement accompagn\u00e9es d\u2019un justificatif d\u2019identit\u00e9 en cours de validit\u00e9 comportant la signature du titulaire, envoy\u00e9e \u00e0 la soci\u00e9t\u00e9 SELECTUS \u2013 10 Square d\u2019Anvers 75009 Paris \u2013 ou par courrier \u00e9lectronique \u00e0 l\u2019adresse : dmele@selectusconsultants.com Toute demande doit \u00eatre claire, pr\u00e9cise et justifi\u00e9e.<br \/>\n9. Cookies<br \/>\nUn cookie est un fichier texte susceptible d&rsquo;\u00eatre enregistr\u00e9, dans un espace d\u00e9di\u00e9 du disque dur de votre ordinateur \u00e0 l&rsquo;occasion de la consultation d&rsquo;un service en ligne gr\u00e2ce \u00e0 votre logiciel de navigation. Il est transmis par le serveur d&rsquo;un site internet \u00e0 votre navigateur. A chaque cookie est attribu\u00e9 un identifiant anonyme. Un cookie ne permet pas de remonter \u00e0 une personne physique. Lorsque vous consultez le Site nous pouvons \u00eatre amen\u00e9s \u00e0 installer, sous r\u00e9serve de votre acceptation, diff\u00e9rents cookies : des cookies de session, qui disparaissent d\u00e8s que vous quittez le site ; des cookies permanents, qui demeurent sur votre terminal jusqu\u2019\u00e0 expiration de leur dur\u00e9e de vie ou jusqu\u2019\u00e0 ce que vous les supprimiez \u00e0 l\u2019aide des fonctionnalit\u00e9s de votre navigateur ; des cookies de statistiques (permettant de mesurer l\u2019audience de notre site internet) ; Seul l\u2019\u00e9metteur d\u2019un cookie peut lire ou modifier les informations qui y sont contenues. En application des recommandations de la CNIL, lors de votre premi\u00e8re connexion au Site, il vous sera demand\u00e9 express\u00e9ment d\u2019accepter les cookies du Site. La dur\u00e9e de validit\u00e9 de ce consentement est de 13 mois maximum. Nous vous informons que vous pouvez toutefois vous opposer \u00e0 l&rsquo;enregistrement de cookies en r\u00e9glant la fa\u00e7on dont les cookies sont g\u00e9r\u00e9s dans votre navigateur.<\/p>\n\t\t\t\t\t\t\t\t<\/div>\n\t\t\t\t<\/div>\n\t\t\t\t\t<\/div>\n\t\t<\/div>\n\t\t\t\t\t<\/div>\n\t\t<\/section>\n\t\t\t\t\t<\/div>\n\t\t<\/div>\n\t\t\t\t\t<\/div>\n\t\t<\/section>\n\t\t\t\t<\/div>\n\t\t","protected":false},"excerpt":{"rendered":"<p>Politique de confidentialit\u00e9 POLITIQUE DE PROTECTION DES DONNEES PERSONNELLES 1. G\u00e9n\u00e9ralit\u00e9s SELECTUS est une soci\u00e9t\u00e9 par actions simplifi\u00e9e, immatricul\u00e9e au RCS de Paris sous le no. RCS 898 039 268 et dont le si\u00e8ge social est situ\u00e9 au 10 Square d\u2019Anvers 75009. La confidentialit\u00e9 de vos donn\u00e9es personnelles est importante pour SELECTUS. Nous vous pr\u00e9sentons [&hellip;]<\/p>\n","protected":false},"author":6,"featured_media":0,"parent":0,"menu_order":0,"comment_status":"closed","ping_status":"open","template":"elementor_header_footer","meta":{"site-sidebar-layout":"no-sidebar","site-content-layout":"page-builder","ast-site-content-layout":"default","site-content-style":"default","site-sidebar-style":"default","ast-global-header-display":"","ast-banner-title-visibility":"","ast-main-header-display":"","ast-hfb-above-header-display":"","ast-hfb-below-header-display":"","ast-hfb-mobile-header-display":"","site-post-title":"disabled","ast-breadcrumbs-content":"","ast-featured-img":"disabled","footer-sml-layout":"","ast-disable-related-posts":"","theme-transparent-header-meta":"default","adv-header-id-meta":"","stick-header-meta":"","header-above-stick-meta":"","header-main-stick-meta":"","header-below-stick-meta":"","astra-migrate-meta-layouts":"default","ast-page-background-enabled":"default","ast-page-background-meta":{"desktop":{"background-color":"","background-image":"","background-repeat":"repeat","background-position":"center center","background-size":"auto","background-attachment":"scroll","background-type":"","background-media":"","overlay-type":"","overlay-color":"","overlay-opacity":"","overlay-gradient":""},"tablet":{"background-color":"","background-image":"","background-repeat":"repeat","background-position":"center center","background-size":"auto","background-attachment":"scroll","background-type":"","background-media":"","overlay-type":"","overlay-color":"","overlay-opacity":"","overlay-gradient":""},"mobile":{"background-color":"","background-image":"","background-repeat":"repeat","background-position":"center center","background-size":"auto","background-attachment":"scroll","background-type":"","background-media":"","overlay-type":"","overlay-color":"","overlay-opacity":"","overlay-gradient":""}},"ast-content-background-meta":{"desktop":{"background-color":"var(--ast-global-color-5)","background-image":"","background-repeat":"repeat","background-position":"center center","background-size":"auto","background-attachment":"scroll","background-type":"","background-media":"","overlay-type":"","overlay-color":"","overlay-opacity":"","overlay-gradient":""},"tablet":{"background-color":"var(--ast-global-color-5)","background-image":"","background-repeat":"repeat","background-position":"center center","background-size":"auto","background-attachment":"scroll","background-type":"","background-media":"","overlay-type":"","overlay-color":"","overlay-opacity":"","overlay-gradient":""},"mobile":{"background-color":"var(--ast-global-color-5)","background-image":"","background-repeat":"repeat","background-position":"center center","background-size":"auto","background-attachment":"scroll","background-type":"","background-media":"","overlay-type":"","overlay-color":"","overlay-opacity":"","overlay-gradient":""}},"footnotes":""},"class_list":["post-27746","page","type-page","status-publish","hentry"],"yoast_head":"<!-- This site is optimized with the Yoast SEO plugin v27.4 - https:\/\/yoast.com\/product\/yoast-seo-wordpress\/ -->\n<title>Politique de confidentialit\u00e9 - Selectus Recruitment Consultants<\/title>\n<meta name=\"robots\" content=\"index, follow, max-snippet:-1, max-image-preview:large, max-video-preview:-1\" \/>\n<link rel=\"canonical\" href=\"https:\/\/selectusconsultants.com\/fr\/politique-de-confidentialite\/\" \/>\n<meta property=\"og:locale\" content=\"fr_FR\" \/>\n<meta property=\"og:type\" content=\"article\" \/>\n<meta property=\"og:title\" content=\"Politique de confidentialit\u00e9 - Selectus Recruitment Consultants\" \/>\n<meta property=\"og:description\" content=\"Politique de confidentialit\u00e9 POLITIQUE DE PROTECTION DES DONNEES PERSONNELLES 1. G\u00e9n\u00e9ralit\u00e9s SELECTUS est une soci\u00e9t\u00e9 par actions simplifi\u00e9e, immatricul\u00e9e au RCS de Paris sous le no. RCS 898 039 268 et dont le si\u00e8ge social est situ\u00e9 au 10 Square d\u2019Anvers 75009. La confidentialit\u00e9 de vos donn\u00e9es personnelles est importante pour SELECTUS. Nous vous pr\u00e9sentons [&hellip;]\" \/>\n<meta property=\"og:url\" content=\"https:\/\/selectusconsultants.com\/fr\/politique-de-confidentialite\/\" \/>\n<meta property=\"og:site_name\" content=\"Selectus Recruitment Consultants\" \/>\n<meta property=\"article:modified_time\" content=\"2021-04-13T19:12:15+00:00\" \/>\n<meta name=\"twitter:card\" content=\"summary_large_image\" \/>\n<meta name=\"twitter:label1\" content=\"Dur\u00e9e de lecture estim\u00e9e\" \/>\n\t<meta name=\"twitter:data1\" content=\"7 minutes\" \/>\n<script type=\"application\/ld+json\" class=\"yoast-schema-graph\">{\"@context\":\"https:\\\/\\\/schema.org\",\"@graph\":[{\"@type\":\"WebPage\",\"@id\":\"https:\\\/\\\/selectusconsultants.com\\\/fr\\\/politique-de-confidentialite\\\/\",\"url\":\"https:\\\/\\\/selectusconsultants.com\\\/fr\\\/politique-de-confidentialite\\\/\",\"name\":\"Politique de confidentialit\u00e9 - Selectus Recruitment Consultants\",\"isPartOf\":{\"@id\":\"https:\\\/\\\/selectusconsultants.com\\\/fr\\\/#website\"},\"datePublished\":\"2021-04-07T14:12:20+00:00\",\"dateModified\":\"2021-04-13T19:12:15+00:00\",\"breadcrumb\":{\"@id\":\"https:\\\/\\\/selectusconsultants.com\\\/fr\\\/politique-de-confidentialite\\\/#breadcrumb\"},\"inLanguage\":\"fr-FR\",\"potentialAction\":[{\"@type\":\"ReadAction\",\"target\":[\"https:\\\/\\\/selectusconsultants.com\\\/fr\\\/politique-de-confidentialite\\\/\"]}]},{\"@type\":\"BreadcrumbList\",\"@id\":\"https:\\\/\\\/selectusconsultants.com\\\/fr\\\/politique-de-confidentialite\\\/#breadcrumb\",\"itemListElement\":[{\"@type\":\"ListItem\",\"position\":1,\"name\":\"Home\",\"item\":\"https:\\\/\\\/selectusconsultants.com\\\/fr\\\/\"},{\"@type\":\"ListItem\",\"position\":2,\"name\":\"Politique de confidentialit\u00e9\"}]},{\"@type\":\"WebSite\",\"@id\":\"https:\\\/\\\/selectusconsultants.com\\\/fr\\\/#website\",\"url\":\"https:\\\/\\\/selectusconsultants.com\\\/fr\\\/\",\"name\":\"Selectus Recruitment Consultants\",\"description\":\"Development Site\",\"publisher\":{\"@id\":\"https:\\\/\\\/selectusconsultants.com\\\/fr\\\/#organization\"},\"potentialAction\":[{\"@type\":\"SearchAction\",\"target\":{\"@type\":\"EntryPoint\",\"urlTemplate\":\"https:\\\/\\\/selectusconsultants.com\\\/fr\\\/?s={search_term_string}\"},\"query-input\":{\"@type\":\"PropertyValueSpecification\",\"valueRequired\":true,\"valueName\":\"search_term_string\"}}],\"inLanguage\":\"fr-FR\"},{\"@type\":\"Organization\",\"@id\":\"https:\\\/\\\/selectusconsultants.com\\\/fr\\\/#organization\",\"name\":\"Selectus Consultants\",\"url\":\"https:\\\/\\\/selectusconsultants.com\\\/fr\\\/\",\"logo\":{\"@type\":\"ImageObject\",\"inLanguage\":\"fr-FR\",\"@id\":\"https:\\\/\\\/selectusconsultants.com\\\/fr\\\/#\\\/schema\\\/logo\\\/image\\\/\",\"url\":\"https:\\\/\\\/selectusconsultants.com\\\/wp-content\\\/uploads\\\/2020\\\/10\\\/Selectus-logos-alt-low-01.png\",\"contentUrl\":\"https:\\\/\\\/selectusconsultants.com\\\/wp-content\\\/uploads\\\/2020\\\/10\\\/Selectus-logos-alt-low-01.png\",\"width\":412,\"height\":149,\"caption\":\"Selectus Consultants\"},\"image\":{\"@id\":\"https:\\\/\\\/selectusconsultants.com\\\/fr\\\/#\\\/schema\\\/logo\\\/image\\\/\"}}]}<\/script>\n<!-- \/ Yoast SEO plugin. -->","yoast_head_json":{"title":"Politique de confidentialit\u00e9 - Selectus Recruitment Consultants","robots":{"index":"index","follow":"follow","max-snippet":"max-snippet:-1","max-image-preview":"max-image-preview:large","max-video-preview":"max-video-preview:-1"},"canonical":"https:\/\/selectusconsultants.com\/fr\/politique-de-confidentialite\/","og_locale":"fr_FR","og_type":"article","og_title":"Politique de confidentialit\u00e9 - Selectus Recruitment Consultants","og_description":"Politique de confidentialit\u00e9 POLITIQUE DE PROTECTION DES DONNEES PERSONNELLES 1. G\u00e9n\u00e9ralit\u00e9s SELECTUS est une soci\u00e9t\u00e9 par actions simplifi\u00e9e, immatricul\u00e9e au RCS de Paris sous le no. RCS 898 039 268 et dont le si\u00e8ge social est situ\u00e9 au 10 Square d\u2019Anvers 75009. La confidentialit\u00e9 de vos donn\u00e9es personnelles est importante pour SELECTUS. Nous vous pr\u00e9sentons [&hellip;]","og_url":"https:\/\/selectusconsultants.com\/fr\/politique-de-confidentialite\/","og_site_name":"Selectus Recruitment Consultants","article_modified_time":"2021-04-13T19:12:15+00:00","twitter_card":"summary_large_image","twitter_misc":{"Dur\u00e9e de lecture estim\u00e9e":"7 minutes"},"schema":{"@context":"https:\/\/schema.org","@graph":[{"@type":"WebPage","@id":"https:\/\/selectusconsultants.com\/fr\/politique-de-confidentialite\/","url":"https:\/\/selectusconsultants.com\/fr\/politique-de-confidentialite\/","name":"Politique de confidentialit\u00e9 - Selectus Recruitment Consultants","isPartOf":{"@id":"https:\/\/selectusconsultants.com\/fr\/#website"},"datePublished":"2021-04-07T14:12:20+00:00","dateModified":"2021-04-13T19:12:15+00:00","breadcrumb":{"@id":"https:\/\/selectusconsultants.com\/fr\/politique-de-confidentialite\/#breadcrumb"},"inLanguage":"fr-FR","potentialAction":[{"@type":"ReadAction","target":["https:\/\/selectusconsultants.com\/fr\/politique-de-confidentialite\/"]}]},{"@type":"BreadcrumbList","@id":"https:\/\/selectusconsultants.com\/fr\/politique-de-confidentialite\/#breadcrumb","itemListElement":[{"@type":"ListItem","position":1,"name":"Home","item":"https:\/\/selectusconsultants.com\/fr\/"},{"@type":"ListItem","position":2,"name":"Politique de confidentialit\u00e9"}]},{"@type":"WebSite","@id":"https:\/\/selectusconsultants.com\/fr\/#website","url":"https:\/\/selectusconsultants.com\/fr\/","name":"Selectus Recruitment Consultants","description":"Development Site","publisher":{"@id":"https:\/\/selectusconsultants.com\/fr\/#organization"},"potentialAction":[{"@type":"SearchAction","target":{"@type":"EntryPoint","urlTemplate":"https:\/\/selectusconsultants.com\/fr\/?s={search_term_string}"},"query-input":{"@type":"PropertyValueSpecification","valueRequired":true,"valueName":"search_term_string"}}],"inLanguage":"fr-FR"},{"@type":"Organization","@id":"https:\/\/selectusconsultants.com\/fr\/#organization","name":"Selectus Consultants","url":"https:\/\/selectusconsultants.com\/fr\/","logo":{"@type":"ImageObject","inLanguage":"fr-FR","@id":"https:\/\/selectusconsultants.com\/fr\/#\/schema\/logo\/image\/","url":"https:\/\/selectusconsultants.com\/wp-content\/uploads\/2020\/10\/Selectus-logos-alt-low-01.png","contentUrl":"https:\/\/selectusconsultants.com\/wp-content\/uploads\/2020\/10\/Selectus-logos-alt-low-01.png","width":412,"height":149,"caption":"Selectus Consultants"},"image":{"@id":"https:\/\/selectusconsultants.com\/fr\/#\/schema\/logo\/image\/"}}]}},"_links":{"self":[{"href":"https:\/\/selectusconsultants.com\/fr\/wp-json\/wp\/v2\/pages\/27746","targetHints":{"allow":["GET"]}}],"collection":[{"href":"https:\/\/selectusconsultants.com\/fr\/wp-json\/wp\/v2\/pages"}],"about":[{"href":"https:\/\/selectusconsultants.com\/fr\/wp-json\/wp\/v2\/types\/page"}],"author":[{"embeddable":true,"href":"https:\/\/selectusconsultants.com\/fr\/wp-json\/wp\/v2\/users\/6"}],"replies":[{"embeddable":true,"href":"https:\/\/selectusconsultants.com\/fr\/wp-json\/wp\/v2\/comments?post=27746"}],"version-history":[{"count":0,"href":"https:\/\/selectusconsultants.com\/fr\/wp-json\/wp\/v2\/pages\/27746\/revisions"}],"wp:attachment":[{"href":"https:\/\/selectusconsultants.com\/fr\/wp-json\/wp\/v2\/media?parent=27746"}],"curies":[{"name":"wp","href":"https:\/\/api.w.org\/{rel}","templated":true}]}}